{"id":212,"date":"2018-09-09T13:45:59","date_gmt":"2018-09-09T13:45:59","guid":{"rendered":"http:\/\/bajolacoberturadedios.cl\/?page_id=212"},"modified":"2026-03-22T12:51:18","modified_gmt":"2026-03-22T12:51:18","slug":"donaciones","status":"publish","type":"page","link":"https:\/\/bajolacoberturadedios.cl\/index.php\/donaciones\/","title":{"rendered":"Donaciones"},"content":{"rendered":"\t\t<div data-elementor-type=\"wp-post\" data-elementor-id=\"212\" class=\"elementor elementor-212\">\n\t\t\t\t\t\t<section class=\"elementor-section elementor-top-section elementor-element elementor-element-0b1f5a8 elementor-section-boxed elementor-section-height-default elementor-section-height-default\" data-id=\"0b1f5a8\" data-element_type=\"section\">\n\t\t\t\t\t\t<div class=\"elementor-container elementor-column-gap-default\">\n\t\t\t\t\t<div class=\"elementor-column elementor-col-100 elementor-top-column elementor-element elementor-element-61741f9\" data-id=\"61741f9\" data-element_type=\"column\">\n\t\t\t<div class=\"elementor-widget-wrap elementor-element-populated\">\n\t\t\t\t\t\t<div class=\"elementor-element elementor-element-d718990 elementor-widget elementor-widget-text-editor\" data-id=\"d718990\" data-element_type=\"widget\" data-widget_type=\"text-editor.default\">\n\t\t\t\t<div class=\"elementor-widget-container\">\n\t\t\t\t\t\t\t\t\t<p><img fetchpriority=\"high\" decoding=\"async\" class=\"aligncenter wp-image-688 size-full\" src=\"http:\/\/bajolacoberturadedios.cl\/wp-content\/uploads\/2026\/03\/05dd8c1e-8c8f-44d0-86b5-988923ed469f.png\" alt=\"\" width=\"1536\" height=\"1024\" srcset=\"https:\/\/bajolacoberturadedios.cl\/wp-content\/uploads\/2026\/03\/05dd8c1e-8c8f-44d0-86b5-988923ed469f.png 1536w, https:\/\/bajolacoberturadedios.cl\/wp-content\/uploads\/2026\/03\/05dd8c1e-8c8f-44d0-86b5-988923ed469f-300x200.png 300w, https:\/\/bajolacoberturadedios.cl\/wp-content\/uploads\/2026\/03\/05dd8c1e-8c8f-44d0-86b5-988923ed469f-1024x683.png 1024w, https:\/\/bajolacoberturadedios.cl\/wp-content\/uploads\/2026\/03\/05dd8c1e-8c8f-44d0-86b5-988923ed469f-768x512.png 768w\" sizes=\"(max-width: 1536px) 100vw, 1536px\" \/><\/p><p>El Ministerio Bajo la Cobertura de Dios cada d\u00eda con la ayuda de Dios, lleva una palabra de vida y nos permite enfocarnos en ayudar a nuestro pr\u00f3jimo.\u00a0<\/p><p>Por este motivo creamos esta secci\u00f3n de Donaciones, puesto hay muchos hermanos que quieren ir en ayuda del necesitado. Cada d\u00eda vemos la carencia que hay en el mundo y como las personas siguen su camino y no ven al que est\u00e1 desamparado. Dios no desampara ni a la Viuda ni al Hu\u00e9rfano, pero hoy son muchas las personas que tienen diversas carencias.\u00a0Si Dios te insta a realizar una donaci\u00f3n, cont\u00e1ctanos en el correo:<\/p><p><strong>contacto@bajolacobertuadedios.cl<\/strong> y nos comunicaremos contigo.<\/p>\t\t\t\t\t\t\t\t<\/div>\n\t\t\t\t<\/div>\n\t\t\t\t\t<\/div>\n\t\t<\/div>\n\t\t\t\t\t<\/div>\n\t\t<\/section>\n\t\t\t\t<section class=\"elementor-section elementor-top-section elementor-element elementor-element-e4cde19 elementor-section-boxed elementor-section-height-default elementor-section-height-default\" data-id=\"e4cde19\" data-element_type=\"section\">\n\t\t\t\t\t\t<div class=\"elementor-container elementor-column-gap-default\">\n\t\t\t\t\t<div class=\"elementor-column elementor-col-100 elementor-top-column elementor-element elementor-element-e0ef369\" data-id=\"e0ef369\" data-element_type=\"column\">\n\t\t\t<div class=\"elementor-widget-wrap elementor-element-populated\">\n\t\t\t\t\t\t<div class=\"elementor-element elementor-element-7b2546f elementor-widget elementor-widget-image\" data-id=\"7b2546f\" data-element_type=\"widget\" data-widget_type=\"image.default\">\n\t\t\t\t<div class=\"elementor-widget-container\">\n\t\t\t\t\t\t\t\t\t\t\t\t<figure class=\"wp-caption\">\n\t\t\t\t\t\t\t\t\t\t\t<a href=\"https:\/\/www.paypal.com\/paypalme\/blcdd?v=1&#038;utm_source=unp&#038;utm_medium=email&#038;utm_campaign=RT000269&#038;utm_unptid=449593b4-8e61-11ec-b50a-3cfdfeedc4c1&#038;ppid=RT000269&#038;cnac=CL&#038;rsta=es_XC%28es-CL%29&#038;cust=JURG8EM56PGHA&#038;unptid=449593b4-8e61-11ec-b50a-3cfdfeedc4c1&#038;calc=a92c44a28ee30&#038;unp_tpcid=ppme-social-user-profile-created&#038;page=main%3Aemail%3ART000269&#038;pgrp=main%3Aemail&#038;e=cl&#038;mchn=em&#038;s=ci&#038;mail=sys&#038;appVersion=1.75.0&#038;xt=104038\">\n\t\t\t\t\t\t\t<img decoding=\"async\" width=\"200\" height=\"75\" src=\"https:\/\/bajolacoberturadedios.cl\/wp-content\/uploads\/2022\/02\/logo-bajo-la-cobertura-de-DIOS.jpg\" class=\"attachment-medium_large size-medium_large wp-image-511\" alt=\"\" \/>\t\t\t\t\t\t\t\t<\/a>\n\t\t\t\t\t\t\t\t\t\t\t<figcaption class=\"widget-image-caption wp-caption-text\">Desde PayPal solo  Click en la Imagen y has tu Donaci\u00f3n Dios te Bendiga<\/figcaption>\n\t\t\t\t\t\t\t\t\t\t<\/figure>\n\t\t\t\t\t\t\t\t\t<\/div>\n\t\t\t\t<\/div>\n\t\t\t\t\t<\/div>\n\t\t<\/div>\n\t\t\t\t\t<\/div>\n\t\t<\/section>\n\t\t\t\t<\/div>\n\t\t","protected":false},"excerpt":{"rendered":"<p>El Ministerio Bajo la Cobertura de Dios cada d\u00eda con la ayuda de Dios, lleva una palabra de vida y nos permite enfocarnos en ayudar a nuestro pr\u00f3jimo.\u00a0 Por este motivo creamos esta secci\u00f3n de Donaciones, puesto hay muchos hermanos que quieren ir en ayuda del necesitado. Cada d\u00eda vemos la carencia que hay en el mundo y como las personas siguen su camino y no ven al que est\u00e1 desamparado. Dios no desampara ni&hellip; <\/p>\n","protected":false},"author":1,"featured_media":0,"parent":0,"menu_order":0,"comment_status":"closed","ping_status":"closed","template":"","meta":{"footnotes":""},"class_list":["post-212","page","type-page","status-publish","hentry"],"_links":{"self":[{"href":"https:\/\/bajolacoberturadedios.cl\/index.php\/wp-json\/wp\/v2\/pages\/212","targetHints":{"allow":["GET"]}}],"collection":[{"href":"https:\/\/bajolacoberturadedios.cl\/index.php\/wp-json\/wp\/v2\/pages"}],"about":[{"href":"https:\/\/bajolacoberturadedios.cl\/index.php\/wp-json\/wp\/v2\/types\/page"}],"author":[{"embeddable":true,"href":"https:\/\/bajolacoberturadedios.cl\/index.php\/wp-json\/wp\/v2\/users\/1"}],"replies":[{"embeddable":true,"href":"https:\/\/bajolacoberturadedios.cl\/index.php\/wp-json\/wp\/v2\/comments?post=212"}],"version-history":[{"count":12,"href":"https:\/\/bajolacoberturadedios.cl\/index.php\/wp-json\/wp\/v2\/pages\/212\/revisions"}],"predecessor-version":[{"id":701,"href":"https:\/\/bajolacoberturadedios.cl\/index.php\/wp-json\/wp\/v2\/pages\/212\/revisions\/701"}],"wp:attachment":[{"href":"https:\/\/bajolacoberturadedios.cl\/index.php\/wp-json\/wp\/v2\/media?parent=212"}],"curies":[{"name":"wp","href":"https:\/\/api.w.org\/{rel}","templated":true}]}}