{"id":106,"date":"2018-07-01T18:14:50","date_gmt":"2018-07-01T18:14:50","guid":{"rendered":"http:\/\/bajolacoberturadedios.cl\/?page_id=106"},"modified":"2022-10-23T02:27:33","modified_gmt":"2022-10-23T02:27:33","slug":"home-3","status":"publish","type":"page","link":"https:\/\/bajolacoberturadedios.cl\/","title":{"rendered":"Bajo la Cobertura de Dios"},"content":{"rendered":"\t\t<div data-elementor-type=\"wp-post\" data-elementor-id=\"106\" class=\"elementor elementor-106 elementor-bc-flex-widget\">\n\t\t\t\t\t\t<section class=\"elementor-section elementor-top-section elementor-element elementor-element-fa25485 elementor-section-boxed elementor-section-height-default elementor-section-height-default\" data-id=\"fa25485\" data-element_type=\"section\">\n\t\t\t\t\t\t<div class=\"elementor-container elementor-column-gap-default\">\n\t\t\t\t\t<div class=\"elementor-column elementor-col-100 elementor-top-column elementor-element elementor-element-0d17a1f\" data-id=\"0d17a1f\" data-element_type=\"column\">\n\t\t\t<div class=\"elementor-widget-wrap elementor-element-populated\">\n\t\t\t\t\t\t<div class=\"elementor-element elementor-element-54f1e57 elementor-widget elementor-widget-html\" data-id=\"54f1e57\" data-element_type=\"widget\" data-widget_type=\"html.default\">\n\t\t\t\t<div class=\"elementor-widget-container\">\n\t\t\t\t\t<iframe src=\"https:\/\/streaming.viphosting.cl\/cp\/widgets\/player\/single\/?p=8282\" height=\"110\" width=\"100%\" scrolling=\"no\" style=\"border:none;\"><\/iframe>\t\t\t\t<\/div>\n\t\t\t\t<\/div>\n\t\t\t\t<div class=\"elementor-element elementor-element-0b4a461 elementor-widget elementor-widget-heading\" data-id=\"0b4a461\" data-element_type=\"widget\" data-widget_type=\"heading.default\">\n\t\t\t\t<div class=\"elementor-widget-container\">\n\t\t\t\t\t<h1 class=\"elementor-heading-title elementor-size-default\">Tu conexi\u00f3n con Jes\u00fas<\/h1>\t\t\t\t<\/div>\n\t\t\t\t<\/div>\n\t\t\t\t<div class=\"elementor-element elementor-element-c702443 elementor-widget elementor-widget-image\" data-id=\"c702443\" data-element_type=\"widget\" data-widget_type=\"image.default\">\n\t\t\t\t<div class=\"elementor-widget-container\">\n\t\t\t\t\t\t\t\t\t\t\t\t\t\t\t<img fetchpriority=\"high\" decoding=\"async\" width=\"500\" height=\"333\" src=\"https:\/\/bajolacoberturadedios.cl\/wp-content\/uploads\/2018\/07\/escuchando-a-Dios.jpg\" class=\"attachment-large size-large wp-image-124\" alt=\"\" srcset=\"https:\/\/bajolacoberturadedios.cl\/wp-content\/uploads\/2018\/07\/escuchando-a-Dios.jpg 500w, https:\/\/bajolacoberturadedios.cl\/wp-content\/uploads\/2018\/07\/escuchando-a-Dios-300x200.jpg 300w\" sizes=\"(max-width: 500px) 100vw, 500px\" \/>\t\t\t\t\t\t\t\t\t\t\t\t\t\t\t<\/div>\n\t\t\t\t<\/div>\n\t\t\t\t\t<\/div>\n\t\t<\/div>\n\t\t\t\t\t<\/div>\n\t\t<\/section>\n\t\t\t\t<section class=\"elementor-section elementor-top-section elementor-element elementor-element-ff7349f elementor-section-boxed elementor-section-height-default elementor-section-height-default\" data-id=\"ff7349f\" data-element_type=\"section\">\n\t\t\t\t\t\t<div class=\"elementor-container elementor-column-gap-default\">\n\t\t\t\t\t<div class=\"elementor-column elementor-col-33 elementor-top-column elementor-element elementor-element-62042e7\" data-id=\"62042e7\" data-element_type=\"column\">\n\t\t\t<div class=\"elementor-widget-wrap elementor-element-populated\">\n\t\t\t\t\t\t<div class=\"elementor-element elementor-element-3f8b2b7 elementor-widget elementor-widget-heading\" data-id=\"3f8b2b7\" data-element_type=\"widget\" data-widget_type=\"heading.default\">\n\t\t\t\t<div class=\"elementor-widget-container\">\n\t\t\t\t\t<h2 class=\"elementor-heading-title elementor-size-default\">Quienes Somos<\/h2>\t\t\t\t<\/div>\n\t\t\t\t<\/div>\n\t\t\t\t<div class=\"elementor-element elementor-element-9e7e123 elementor-widget elementor-widget-text-editor\" data-id=\"9e7e123\" data-element_type=\"widget\" data-widget_type=\"text-editor.default\">\n\t\t\t\t<div class=\"elementor-widget-container\">\n\t\t\t\t\t\t\t\t\t<p>Bajo la cobertura de Dios es un Ministerio que nace el a\u00f1o 2016 guiados por el Esp\u00edritu Santo con la finalidad de llevar el nombre de nuestro Dios a todo lugar.<\/p><p>Este ministerio es dirigido por el Pastor Evangelista Daniel Matus de la Parra Sandoval quien en el a\u00f1o 2004 fue enviado por el esp\u00edritu santo desde la Comuna de Coronel Octava regi\u00f3n a la Ciudad de Santiago.<\/p><p>Pasaron muchos a\u00f1os buscando el prop\u00f3sito de Dios en esta ciudad. Hoy guiados por Dios nace este ministerio cuya finalidad tiene llevar esta palabra al mundo y ser un canal de bendici\u00f3n para cada alma que escucha de esta palabra.<\/p><p>Josu\u00e9 1:9<\/p><p>Mira que te mando que te esfuerces y seas valiente; no temas ni desmayes, porque Jehov\u00e1 tu Dios estar\u00e1 contigo en dondequiera que vayas.<\/p>\t\t\t\t\t\t\t\t<\/div>\n\t\t\t\t<\/div>\n\t\t\t\t\t<\/div>\n\t\t<\/div>\n\t\t\t\t<div class=\"elementor-column elementor-col-33 elementor-top-column elementor-element elementor-element-43b68e5\" data-id=\"43b68e5\" data-element_type=\"column\">\n\t\t\t<div class=\"elementor-widget-wrap elementor-element-populated\">\n\t\t\t\t\t\t<div class=\"elementor-element elementor-element-50cb0b0 elementor-widget elementor-widget-heading\" data-id=\"50cb0b0\" data-element_type=\"widget\" data-widget_type=\"heading.default\">\n\t\t\t\t<div class=\"elementor-widget-container\">\n\t\t\t\t\t<h2 class=\"elementor-heading-title elementor-size-default\">Nuestra Misi\u00f3n <\/h2>\t\t\t\t<\/div>\n\t\t\t\t<\/div>\n\t\t\t\t<div class=\"elementor-element elementor-element-d686de4 elementor-widget elementor-widget-text-editor\" data-id=\"d686de4\" data-element_type=\"widget\" data-widget_type=\"text-editor.default\">\n\t\t\t\t<div class=\"elementor-widget-container\">\n\t\t\t\t\t\t\t\t\t<p>Como Ministerio hemos entendido que nuestra primera misi\u00f3n es cumplir la gran ense\u00f1anza y mandamiento que nos dej\u00f3 nuestro se\u00f1or Jesucristo de extender el evangelio y hacer disc\u00edpulos a todas las naciones\u00a0<\/p><p>Marcos 16:15<\/p><p>Y les dijo: Id por todo el mundo y predicar el evangelio a toda criatura.<\/p><p>Entendemos que nuestro deber es predicar y pregonar el mensaje de salvaci\u00f3n a todas las personas sin distinci\u00f3n, no importando su raza, clase social ni condici\u00f3n de ning\u00fan tipo.\u00a0\u00a0<\/p><p>Como Ministerio entendemos que la fe sin obras es muerta<\/p><p>Santiago 2:17<\/p><p>As\u00ed tambi\u00e9n la fe, si no tiene obras, es muerta en s\u00ed misma.<\/p><p>Dios les Bendiga.<\/p><p>\u00a0<\/p><p style=\"margin: 0px 0px 10px; -webkit-font-smoothing: antialiased; font-family: 'Helvetica Neue', Verdana, Helvetica, Arial, sans-serif; font-size: 16px; line-height: 24px; text-align: start;\">\u00a0<\/p><p style=\"text-align: start;\">\u00a0<\/p>\t\t\t\t\t\t\t\t<\/div>\n\t\t\t\t<\/div>\n\t\t\t\t\t<\/div>\n\t\t<\/div>\n\t\t\t\t<div class=\"elementor-column elementor-col-33 elementor-top-column elementor-element elementor-element-3eb7414\" data-id=\"3eb7414\" data-element_type=\"column\">\n\t\t\t<div class=\"elementor-widget-wrap elementor-element-populated\">\n\t\t\t\t\t\t<div class=\"elementor-element elementor-element-1fdfe97 elementor-widget elementor-widget-heading\" data-id=\"1fdfe97\" data-element_type=\"widget\" data-widget_type=\"heading.default\">\n\t\t\t\t<div class=\"elementor-widget-container\">\n\t\t\t\t\t<h2 class=\"elementor-heading-title elementor-size-default\">Nuestra Visi\u00f3n <\/h2>\t\t\t\t<\/div>\n\t\t\t\t<\/div>\n\t\t\t\t<div class=\"elementor-element elementor-element-468338a elementor-widget elementor-widget-text-editor\" data-id=\"468338a\" data-element_type=\"widget\" data-widget_type=\"text-editor.default\">\n\t\t\t\t<div class=\"elementor-widget-container\">\n\t\t\t\t\t\t\t\t\t<p style=\"font-weight: 400;\">Desde la fundaci\u00f3n de nuestro Ministerio hemos predicado la Palabra de Dios a trav\u00e9s de las ondas radiales, lo cual fue un pilar fundamental para el comienzo de nuestro ministerio y hasta el d\u00eda de hoy lo seguimos realizando. Tambi\u00e9n desarrollamos diversos puntos de evangelismo al aire libre.<\/p><p style=\"font-weight: 400;\">Hoy ya pasado un a\u00f1o contamos con una radio online que puedes sintonizar v\u00eda internet.<\/p><p style=\"font-weight: 400;\">Nos puedes encontrar en Facebook, Twitter, Instagram y Youtube s\u00f3lo has click en los link y podr\u00e1s visitarnos.<\/p><p style=\"font-weight: 400;\">Apocalipsis 5:13<\/p><p style=\"font-weight: 400;\">Ya todo lo creado que est\u00e1 en el cielo, y sobre la tierra, y debajo de la tierra, y en el mar, y a todas las cosas que en ellos hay, o\u00ed decir: Al que est\u00e1 sentado en el trono, y al Cordero, sea la alabanza, la honra, la gloria y el poder, por los siglos de los siglos.<\/p><p style=\"font-weight: 400;\">\u00a0<\/p>\t\t\t\t\t\t\t\t<\/div>\n\t\t\t\t<\/div>\n\t\t\t\t\t<\/div>\n\t\t<\/div>\n\t\t\t\t\t<\/div>\n\t\t<\/section>\n\t\t\t\t<\/div>\n\t\t","protected":false},"excerpt":{"rendered":"<p>Tu conexi\u00f3n con Jes\u00fas Quienes Somos Bajo la cobertura de Dios es un Ministerio que nace el a\u00f1o 2016 guiados por el Esp\u00edritu Santo con la finalidad de llevar el nombre de nuestro Dios a todo lugar. Este ministerio es dirigido por el Pastor Evangelista Daniel Matus de la Parra Sandoval quien en el a\u00f1o 2004 fue enviado por el esp\u00edritu santo desde la Comuna de Coronel Octava regi\u00f3n a la Ciudad de Santiago. Pasaron&hellip; <\/p>\n","protected":false},"author":1,"featured_media":0,"parent":0,"menu_order":0,"comment_status":"closed","ping_status":"closed","template":"","meta":{"footnotes":""},"class_list":["post-106","page","type-page","status-publish","hentry"],"_links":{"self":[{"href":"https:\/\/bajolacoberturadedios.cl\/index.php\/wp-json\/wp\/v2\/pages\/106","targetHints":{"allow":["GET"]}}],"collection":[{"href":"https:\/\/bajolacoberturadedios.cl\/index.php\/wp-json\/wp\/v2\/pages"}],"about":[{"href":"https:\/\/bajolacoberturadedios.cl\/index.php\/wp-json\/wp\/v2\/types\/page"}],"author":[{"embeddable":true,"href":"https:\/\/bajolacoberturadedios.cl\/index.php\/wp-json\/wp\/v2\/users\/1"}],"replies":[{"embeddable":true,"href":"https:\/\/bajolacoberturadedios.cl\/index.php\/wp-json\/wp\/v2\/comments?post=106"}],"version-history":[{"count":0,"href":"https:\/\/bajolacoberturadedios.cl\/index.php\/wp-json\/wp\/v2\/pages\/106\/revisions"}],"wp:attachment":[{"href":"https:\/\/bajolacoberturadedios.cl\/index.php\/wp-json\/wp\/v2\/media?parent=106"}],"curies":[{"name":"wp","href":"https:\/\/api.w.org\/{rel}","templated":true}]}}